{"id":826,"date":"2024-11-22T07:53:30","date_gmt":"2024-11-22T07:53:30","guid":{"rendered":"https:\/\/mariachiangelesdeamerica.com\/en\/?page_id=826"},"modified":"2024-11-22T17:51:11","modified_gmt":"2024-11-22T17:51:11","slug":"quinceaneras","status":"publish","type":"page","link":"https:\/\/mariachiangelesdeamerica.com\/en\/quinceaneras\/","title":{"rendered":"Quincea\u00f1eras"},"content":{"rendered":"\t\t<div data-elementor-type=\"wp-page\" data-elementor-id=\"826\" class=\"elementor elementor-826\" data-elementor-post-type=\"page\">\n\t\t\t\t\t\t<header class=\"elementor-section elementor-top-section elementor-element elementor-element-4b374cd elementor-section-height-min-height elementor-section-content-middle elementor-section-boxed elementor-section-height-default elementor-section-items-middle wpr-particle-no wpr-jarallax-no wpr-parallax-no wpr-sticky-section-no\" data-id=\"4b374cd\" data-element_type=\"section\" data-settings=\"{&quot;background_background&quot;:&quot;classic&quot;}\">\n\t\t\t\t\t\t\t<div class=\"elementor-background-overlay\"><\/div>\n\t\t\t\t\t\t\t<div class=\"elementor-container elementor-column-gap-extended\">\n\t\t\t\t\t<div class=\"elementor-column elementor-col-16 elementor-top-column elementor-element elementor-element-e96f85a\" data-id=\"e96f85a\" data-element_type=\"column\">\n\t\t\t<div class=\"elementor-widget-wrap\">\n\t\t\t\t\t\t\t<\/div>\n\t\t<\/div>\n\t\t\t\t<div class=\"elementor-column elementor-col-66 elementor-top-column elementor-element elementor-element-fe2648b\" data-id=\"fe2648b\" data-element_type=\"column\">\n\t\t\t<div class=\"elementor-widget-wrap elementor-element-populated\">\n\t\t\t\t\t\t<section class=\"elementor-section elementor-inner-section elementor-element elementor-element-72d104c elementor-section-content-middle elementor-section-boxed elementor-section-height-default elementor-section-height-default wpr-particle-no wpr-jarallax-no wpr-parallax-no wpr-sticky-section-no\" data-id=\"72d104c\" data-element_type=\"section\">\n\t\t\t\t\t\t<div class=\"elementor-container elementor-column-gap-default\">\n\t\t\t\t\t<div class=\"elementor-column elementor-col-33 elementor-inner-column elementor-element elementor-element-1fe87d2\" data-id=\"1fe87d2\" data-element_type=\"column\">\n\t\t\t<div class=\"elementor-widget-wrap elementor-element-populated\">\n\t\t\t\t\t\t<div class=\"elementor-element elementor-element-748f283 elementor-widget-divider--view-line elementor-widget elementor-widget-divider\" data-id=\"748f283\" data-element_type=\"widget\" data-widget_type=\"divider.default\">\n\t\t\t\t<div class=\"elementor-widget-container\">\n\t\t\t\t\t<div class=\"elementor-divider\">\n\t\t\t<span class=\"elementor-divider-separator\">\n\t\t\t\t\t\t<\/span>\n\t\t<\/div>\n\t\t\t\t<\/div>\n\t\t\t\t<\/div>\n\t\t\t\t\t<\/div>\n\t\t<\/div>\n\t\t\t\t<div class=\"elementor-column elementor-col-33 elementor-inner-column elementor-element elementor-element-f6797b3\" data-id=\"f6797b3\" data-element_type=\"column\">\n\t\t\t<div class=\"elementor-widget-wrap elementor-element-populated\">\n\t\t\t\t\t\t<div class=\"elementor-element elementor-element-8c27d21 elementor-view-stacked elementor-shape-circle elementor-widget elementor-widget-icon\" data-id=\"8c27d21\" data-element_type=\"widget\" data-widget_type=\"icon.default\">\n\t\t\t\t<div class=\"elementor-widget-container\">\n\t\t\t\t\t<div class=\"elementor-icon-wrapper\">\n\t\t\t<div class=\"elementor-icon\">\n\t\t\t<svg aria-hidden=\"true\" class=\"e-font-icon-svg e-fas-guitar\" viewBox=\"0 0 512 512\" xmlns=\"http:\/\/www.w3.org\/2000\/svg\"><path d=\"M502.63 39L473 9.37a32 32 0 0 0-45.26 0L381.46 55.7a35.14 35.14 0 0 0-8.53 13.79L360.77 106l-76.26 76.26c-12.16-8.76-25.5-15.74-40.1-19.14-33.45-7.78-67-.88-89.88 22a82.45 82.45 0 0 0-20.24 33.47c-6 18.56-23.21 32.69-42.15 34.46-23.7 2.27-45.73 11.45-62.61 28.44C-16.11 327-7.9 409 47.58 464.45S185 528 230.56 482.52c17-16.88 26.16-38.9 28.45-62.71 1.76-18.85 15.89-36.13 34.43-42.14a82.6 82.6 0 0 0 33.48-20.25c22.87-22.88 29.74-56.36 22-89.75-3.39-14.64-10.37-28-19.16-40.2L406 151.23l36.48-12.16a35.14 35.14 0 0 0 13.79-8.53l46.33-46.32a32 32 0 0 0 .03-45.22zM208 352a48 48 0 1 1 48-48 48 48 0 0 1-48 48z\"><\/path><\/svg>\t\t\t<\/div>\n\t\t<\/div>\n\t\t\t\t<\/div>\n\t\t\t\t<\/div>\n\t\t\t\t\t<\/div>\n\t\t<\/div>\n\t\t\t\t<div class=\"elementor-column elementor-col-33 elementor-inner-column elementor-element elementor-element-dc2cbf4\" data-id=\"dc2cbf4\" data-element_type=\"column\">\n\t\t\t<div class=\"elementor-widget-wrap elementor-element-populated\">\n\t\t\t\t\t\t<div class=\"elementor-element elementor-element-f255214 elementor-hidden-phone elementor-widget-divider--view-line elementor-widget elementor-widget-divider\" data-id=\"f255214\" data-element_type=\"widget\" data-widget_type=\"divider.default\">\n\t\t\t\t<div class=\"elementor-widget-container\">\n\t\t\t\t\t<div class=\"elementor-divider\">\n\t\t\t<span class=\"elementor-divider-separator\">\n\t\t\t\t\t\t<\/span>\n\t\t<\/div>\n\t\t\t\t<\/div>\n\t\t\t\t<\/div>\n\t\t\t\t\t<\/div>\n\t\t<\/div>\n\t\t\t\t\t<\/div>\n\t\t<\/section>\n\t\t\t\t<div class=\"elementor-element elementor-element-1f29e06 elementor-invisible elementor-widget elementor-widget-heading\" data-id=\"1f29e06\" data-element_type=\"widget\" data-settings=\"{&quot;_animation&quot;:&quot;fadeInDown&quot;}\" data-widget_type=\"heading.default\">\n\t\t\t\t<div class=\"elementor-widget-container\">\n\t\t\t<h1 class=\"elementor-heading-title elementor-size-default\">Quincea\u00f1eras<\/h1>\t\t<\/div>\n\t\t\t\t<\/div>\n\t\t\t\t<div class=\"elementor-element elementor-element-73d8613 elementor-widget-divider--view-line elementor-widget elementor-widget-divider\" data-id=\"73d8613\" data-element_type=\"widget\" data-widget_type=\"divider.default\">\n\t\t\t\t<div class=\"elementor-widget-container\">\n\t\t\t\t\t<div class=\"elementor-divider\">\n\t\t\t<span class=\"elementor-divider-separator\">\n\t\t\t\t\t\t<\/span>\n\t\t<\/div>\n\t\t\t\t<\/div>\n\t\t\t\t<\/div>\n\t\t\t\t\t<\/div>\n\t\t<\/div>\n\t\t\t\t<div class=\"elementor-column elementor-col-16 elementor-top-column elementor-element elementor-element-7e6eca2\" data-id=\"7e6eca2\" data-element_type=\"column\">\n\t\t\t<div class=\"elementor-widget-wrap\">\n\t\t\t\t\t\t\t<\/div>\n\t\t<\/div>\n\t\t\t\t\t<\/div>\n\t\t<\/header>\n\t\t\t\t<section class=\"elementor-section elementor-top-section elementor-element elementor-element-1e5c361 elementor-section-height-min-height elementor-section-full_width elementor-section-height-default elementor-section-items-middle wpr-particle-no wpr-jarallax-no wpr-parallax-no wpr-sticky-section-no\" data-id=\"1e5c361\" data-element_type=\"section\" data-settings=\"{&quot;background_background&quot;:&quot;classic&quot;}\">\n\t\t\t\t\t\t\t<div class=\"elementor-background-overlay\"><\/div>\n\t\t\t\t\t\t\t<div class=\"elementor-container elementor-column-gap-no\">\n\t\t\t\t\t<div class=\"elementor-column elementor-col-50 elementor-top-column elementor-element elementor-element-c42bc58\" data-id=\"c42bc58\" data-element_type=\"column\">\n\t\t\t<div class=\"elementor-widget-wrap elementor-element-populated\">\n\t\t\t\t\t\t<div class=\"elementor-element elementor-element-cedfa42 elementor-widget elementor-widget-image\" data-id=\"cedfa42\" data-element_type=\"widget\" data-widget_type=\"image.default\">\n\t\t\t\t<div class=\"elementor-widget-container\">\n\t\t\t\t\t\t\t\t\t\t\t\t\t<img fetchpriority=\"high\" decoding=\"async\" width=\"800\" height=\"534\" src=\"https:\/\/mariachiangelesdeamerica.com\/en\/wp-content\/uploads\/2024\/10\/752d5460f7e2544423199d8d3b693f5e-1024x684.jpg\" class=\"attachment-large size-large wp-image-520\" alt=\"\" srcset=\"https:\/\/mariachiangelesdeamerica.com\/en\/wp-content\/uploads\/2024\/10\/752d5460f7e2544423199d8d3b693f5e-1024x684.jpg 1024w, https:\/\/mariachiangelesdeamerica.com\/en\/wp-content\/uploads\/2024\/10\/752d5460f7e2544423199d8d3b693f5e-300x200.jpg 300w, https:\/\/mariachiangelesdeamerica.com\/en\/wp-content\/uploads\/2024\/10\/752d5460f7e2544423199d8d3b693f5e-768x513.jpg 768w, https:\/\/mariachiangelesdeamerica.com\/en\/wp-content\/uploads\/2024\/10\/752d5460f7e2544423199d8d3b693f5e-1536x1025.jpg 1536w, https:\/\/mariachiangelesdeamerica.com\/en\/wp-content\/uploads\/2024\/10\/752d5460f7e2544423199d8d3b693f5e.jpg 1600w\" sizes=\"(max-width: 800px) 100vw, 800px\" \/>\t\t\t\t\t\t\t\t\t\t\t\t\t<\/div>\n\t\t\t\t<\/div>\n\t\t\t\t\t<\/div>\n\t\t<\/div>\n\t\t\t\t<div class=\"elementor-column elementor-col-50 elementor-top-column elementor-element elementor-element-d6b99db animated-fast elementor-invisible\" data-id=\"d6b99db\" data-element_type=\"column\" data-settings=\"{&quot;animation&quot;:&quot;fadeInRight&quot;}\">\n\t\t\t<div class=\"elementor-widget-wrap elementor-element-populated\">\n\t\t\t\t\t\t<div class=\"elementor-element elementor-element-130c601 elementor-invisible elementor-widget elementor-widget-heading\" data-id=\"130c601\" data-element_type=\"widget\" data-settings=\"{&quot;_animation&quot;:&quot;fadeInDown&quot;}\" data-widget_type=\"heading.default\">\n\t\t\t\t<div class=\"elementor-widget-container\">\n\t\t\t<h1 class=\"elementor-heading-title elementor-size-default\">Quincea\u00f1eras ( XV A\u00f1os)<\/h1>\t\t<\/div>\n\t\t\t\t<\/div>\n\t\t\t\t<div class=\"elementor-element elementor-element-1dede3b elementor-widget elementor-widget-text-editor\" data-id=\"1dede3b\" data-element_type=\"widget\" data-widget_type=\"text-editor.default\">\n\t\t\t\t<div class=\"elementor-widget-container\">\n\t\t\t\t\t\t\t<p><span style=\"font-weight: 400;\">At Angeles de Am\u00e9rica El Mariachi, we understand how important a Quincea\u00f1era celebration is\u2014a unique moment in every young woman\u2019s life. It\u2019s an event filled with symbolism and tradition, and our music is the perfect complement to make it even more special.<\/span><\/p><p><span style=\"font-weight: 400;\">We accompany the quincea\u00f1era through each stage of her celebration with a carefully selected repertoire for each key moment, from her grand entrance to the waltz and the emotional songs that highlight the importance of this day. With our music, we create an atmosphere full of joy, excitement, and elegance, where family and guests can enjoy and be a part of this unforgettable occasion.<\/span><\/p><p><span style=\"font-weight: 400;\">Whether you want to add a traditional touch with classic Mariachi songs or liven up the party with more festive rhythms, we are prepared to make your Quincea\u00f1era an event full of memorable moments. Our music will turn every moment into a special memory.<\/span><\/p><p><span style=\"font-weight: 400;\">Let us be part of your big day and make it as unforgettable as you\u2019ve dreamed!<\/span><\/p>\t\t\t\t\t\t<\/div>\n\t\t\t\t<\/div>\n\t\t\t\t\t<\/div>\n\t\t<\/div>\n\t\t\t\t\t<\/div>\n\t\t<\/section>\n\t\t\t\t<\/div>\n\t\t","protected":false},"excerpt":{"rendered":"<p>Quincea\u00f1eras Quincea\u00f1eras ( XV A\u00f1os) At Angeles de Am\u00e9rica El Mariachi, we understand how important a Quincea\u00f1era celebration is\u2014a unique moment in every young woman\u2019s life. It\u2019s an event filled with symbolism and tradition, and our music is the perfect complement to make it even more special. We accompany the quincea\u00f1era through each stage of her celebration with a carefully selected repertoire for each key moment, from her grand entrance to the waltz and the emotional songs that highlight the importance of this day. With our music, we create an atmosphere full of joy, excitement, and elegance, where family and guests can enjoy and be a part of this unforgettable occasion. Whether you want to add a traditional touch with classic Mariachi songs or liven up the party with more festive rhythms, we are prepared to make your Quincea\u00f1era an event full of memorable moments. Our music will turn every moment into a special memory. Let us be part of your big day and make it as unforgettable as you\u2019ve dreamed!<\/p>\n","protected":false},"author":1,"featured_media":0,"parent":0,"menu_order":0,"comment_status":"closed","ping_status":"closed","template":"","meta":{"footnotes":""},"class_list":["post-826","page","type-page","status-publish","hentry"],"_links":{"self":[{"href":"https:\/\/mariachiangelesdeamerica.com\/en\/wp-json\/wp\/v2\/pages\/826","targetHints":{"allow":["GET"]}}],"collection":[{"href":"https:\/\/mariachiangelesdeamerica.com\/en\/wp-json\/wp\/v2\/pages"}],"about":[{"href":"https:\/\/mariachiangelesdeamerica.com\/en\/wp-json\/wp\/v2\/types\/page"}],"author":[{"embeddable":true,"href":"https:\/\/mariachiangelesdeamerica.com\/en\/wp-json\/wp\/v2\/users\/1"}],"replies":[{"embeddable":true,"href":"https:\/\/mariachiangelesdeamerica.com\/en\/wp-json\/wp\/v2\/comments?post=826"}],"version-history":[{"count":4,"href":"https:\/\/mariachiangelesdeamerica.com\/en\/wp-json\/wp\/v2\/pages\/826\/revisions"}],"predecessor-version":[{"id":883,"href":"https:\/\/mariachiangelesdeamerica.com\/en\/wp-json\/wp\/v2\/pages\/826\/revisions\/883"}],"wp:attachment":[{"href":"https:\/\/mariachiangelesdeamerica.com\/en\/wp-json\/wp\/v2\/media?parent=826"}],"curies":[{"name":"wp","href":"https:\/\/api.w.org\/{rel}","templated":true}]}}